{"id":14197,"date":"2018-12-14T19:05:51","date_gmt":"2018-12-14T18:05:51","guid":{"rendered":"http:\/\/pepinieres.eu\/programmes-passes\/"},"modified":"2019-03-16T17:38:46","modified_gmt":"2019-03-16T16:38:46","slug":"programmes-old","status":"publish","type":"page","link":"http:\/\/pepinieres.eu\/en\/programmes-old\/","title":{"rendered":"Past programs"},"content":{"rendered":"<p>[et_pb_section bb_built=&#8221;1&#8243; _builder_version=&#8221;3.0.47&#8243;][et_pb_row background_position_1=&#8221;top_left&#8221; background_repeat_1=&#8221;no-repeat&#8221; _builder_version=&#8221;3.0.61&#8243;][et_pb_column type=&#8221;4_4&#8243;][et_pb_post_title _builder_version=&#8221;3.0.87&#8243; border_style=&#8221;solid&#8221; \/][et_pb_text admin_label=&#8221;Bloc Title Module La Fabrique des P\u00e9pini\u00e8res&#8221; module_class=&#8221;title-bloc-text&#8221; _builder_version=&#8221;3.21&#8243; border_style=&#8221;solid&#8221; saved_tabs=&#8221;all&#8221;]<\/p>\n<p>La Fabrique des P\u00e9pini\u00e8res (2014 &gt; 2017)<\/p>\n<p>[\/et_pb_text][et_pb_image src=&#8221;http:\/\/pepinieres.eu\/wp-content\/uploads\/2018\/12\/Mauro-Paccagnella_Spephanie-Broc_Audrey-Louwet_Bandeau_La-Frabriques-des_Pepinieres-Europennes-de-Creation_Transcultures-Europe.jpg&#8221; _builder_version=&#8221;3.0.74&#8243;]<\/p>\n<p>&nbsp;<\/p>\n<p>[\/et_pb_image][et_pb_text _builder_version=&#8221;3.21&#8243;]<\/p>\n<p>Between 2014 and 2017 Pe\u0301pinie\u0300res were awarded the label \u201cFabrique de la culture\u201d (Culture factory) from the regional council of I\u0302le-de- France in the framework of a renewable three-year subsidy.<\/p>\n<p>Established in La Maison de l\u2019Arbre, in Montreuil, Seine- Saint-Denis, Pe\u0301pinie\u0300res develop creation, production and dissemination programmes dedicated to social artists who get involved in projects that they share with diverse local audiences distant from culture.<\/p>\n<div id=\"ConnectiveDocSignExtentionInstalled\" data-extension-version=\"1.0.4\">\u00a0<\/div>\n<p>[\/et_pb_text][\/et_pb_column][\/et_pb_row][et_pb_row background_position_1=&#8221;top_left&#8221; background_repeat_1=&#8221;no-repeat&#8221; _builder_version=&#8221;3.0.61&#8243;][et_pb_column type=&#8221;4_4&#8243;][et_pb_text admin_label=&#8221;Bloc Title Module IN Networking&#8221; module_class=&#8221;title-bloc-text&#8221; _builder_version=&#8221;3.19.15&#8243; border_style=&#8221;solid&#8221; saved_tabs=&#8221;all&#8221;]<\/p>\n<p>P\u00e9pini\u00e8res IN Networking (2014 &gt; 2017)<\/p>\n<p>[\/et_pb_text][et_pb_image src=&#8221;http:\/\/pepinieres.eu\/wp-content\/uploads\/2018\/12\/drag-edwin-et-melvyn-pepinieres-in-networking_Bandeau_Pepinieres-Europennes-de-Creation_Transcultures-Europe.jpg&#8221; _builder_version=&#8221;3.0.87&#8243; border_style=&#8221;solid&#8221; sticky=&#8221;off&#8221;]<\/p>\n<p>&nbsp;<\/p>\n<p>[\/et_pb_image][et_pb_text _builder_version=&#8221;3.21&#8243; border_style=&#8221;solid&#8221;]<\/p>\n<p>Federated by the concept \u201cencounter and share\u201d, Pe\u0301pinie\u0300res IN Networking is a European programme that aims to extend Pe\u0301pinie\u0300res\u2019 network, multiply communication and dissemination actions and enable the implementation of transdisciplinary mobility programmes orientated towards the public through workshops, seminars and a European Forum of young creation.<\/p>\n<p>Pe\u0301pinie\u0300res IN Networking receives support from the European Commission through the &#8220;Creative Europe&#8221; programme.<\/p>\n<div id=\"ConnectiveDocSignExtentionInstalled\" data-extension-version=\"1.0.4\">\u00a0<\/div>\n<p>[\/et_pb_text][\/et_pb_column][\/et_pb_row][et_pb_row background_position_1=&#8221;top_left&#8221; background_repeat_1=&#8221;no-repeat&#8221; _builder_version=&#8221;3.0.61&#8243;][et_pb_column type=&#8221;4_4&#8243;][et_pb_text admin_label=&#8221;Bloc Title Module M4M&#8221; module_class=&#8221;title-bloc-text&#8221; _builder_version=&#8221;3.19.15&#8243; border_style=&#8221;solid&#8221; saved_tabs=&#8221;all&#8221;]<\/p>\n<p><span class=\"st\">M4m \u2013 M for mobility (2014 &gt; 2016)<\/span><\/p>\n<p>[\/et_pb_text][et_pb_image src=&#8221;http:\/\/pepinieres.eu\/wp-content\/uploads\/2018\/12\/KLAUS-FRUCHTNIS-COMMON-GROUND-M4M4_Bandeau_Pepinieres-Europennes-de-Creation_Transcultures-Europe.jpg&#8221; _builder_version=&#8221;3.0.87&#8243; border_style=&#8221;solid&#8221; sticky=&#8221;off&#8221;]<\/p>\n<p>&nbsp;<\/p>\n<p>[\/et_pb_image][et_pb_text _builder_version=&#8221;3.21&#8243; border_style=&#8221;solid&#8221;]<\/p>\n<p>M4m is an artistic mobility programme that aims to develop professionalization synergies between young artists and young creative professionals active on the European scene.<\/p>\n<p>It is built around training modules and residencies that call for transdisciplinary experience. It creates cooperation links with countries where the support to mobility is the least developed.<\/p>\n<div id=\"ConnectiveDocSignExtentionInstalled\" data-extension-version=\"1.0.4\">\u00a0<\/div>\n<p>[\/et_pb_text][\/et_pb_column][\/et_pb_row][et_pb_row background_position_1=&#8221;top_left&#8221; background_repeat_1=&#8221;no-repeat&#8221; _builder_version=&#8221;3.0.61&#8243;][et_pb_column type=&#8221;4_4&#8243;][et_pb_text admin_label=&#8221;Bloc Title Module Park in Progress&#8221; module_class=&#8221;title-bloc-text&#8221; _builder_version=&#8221;3.19.15&#8243; border_style=&#8221;solid&#8221; saved_tabs=&#8221;all&#8221;]<\/p>\n<p>Park in Progress (<span class=\"st\">2010 &gt; 2014)<\/span><\/p>\n<p>[\/et_pb_text][et_pb_video src=&#8221;https:\/\/vimeo.com\/119885724&#8243; _builder_version=&#8221;3.0.61&#8243;]<\/p>\n<p>&nbsp;<\/p>\n<p>[\/et_pb_video][et_pb_text _builder_version=&#8221;3.21&#8243; border_style=&#8221;solid&#8221;]<\/p>\n<p>Encounter and joint creation<\/p>\n<p>Park in progress is a travelling mobility programme, reuniting young artists with cultural and creative professionals; they work together in the different stages of an artistic creation, around a common project that requires transdisciplinary experience.<\/p>\n<p>At each stage of this journey, the artists take over a park, or a wooded urban area, in order to create a nocturnal promenade in progress, the \u201cEuropean night of young creation\u201d, composed of diverse artistic proposals to share with an extensive public audience.<\/p>\n<p>\u00a0<\/p>\n<div id=\"ConnectiveDocSignExtentionInstalled\" data-extension-version=\"1.0.4\">\u00a0<\/div>\n<p>[\/et_pb_text][\/et_pb_column][\/et_pb_row][et_pb_row background_position_1=&#8221;top_left&#8221; background_repeat_1=&#8221;no-repeat&#8221; _builder_version=&#8221;3.0.61&#8243;][et_pb_column type=&#8221;4_4&#8243;][et_pb_text admin_label=&#8221;Bloc Title Module HITO&#8221; module_class=&#8221;title-bloc-text&#8221; _builder_version=&#8221;3.19.15&#8243; border_style=&#8221;solid&#8221; saved_tabs=&#8221;all&#8221;]<\/p>\n<p>Hito \u2014 turismo creativo en los Pirineos (2010 &gt; 2013)<\/p>\n<p>[\/et_pb_text][et_pb_image src=&#8221;http:\/\/pepinieres.eu\/wp-content\/uploads\/2018\/12\/faye-formisano_hito_Bandeau_Pepinieres-Europennes-de-Creation_Transcultures-Europe.jpg&#8221; _builder_version=&#8221;3.0.87&#8243; border_style=&#8221;solid&#8221; sticky=&#8221;off&#8221;]<\/p>\n<p>&nbsp;<\/p>\n<p>[\/et_pb_image][et_pb_text _builder_version=&#8221;3.21&#8243; border_style=&#8221;solid&#8221;]<\/p>\n<p>Especially attentive to the emergence of new forms of tourism that are increasingly successful among populations open to discoveries, culture, preserved nature and human encounters, Hito &#8211; tourismo creativo en los Pirineos supports local players involved in this new approach to the promotion of the Pyrenean heritage by creating an original network of artistic residencies located on both sides of the Pyrenean mountains, starting point of an artistic discovery path.<\/p>\n<div id=\"ConnectiveDocSignExtentionInstalled\" data-extension-version=\"1.0.4\">\u00a0<\/div>\n<p>[\/et_pb_text][\/et_pb_column][\/et_pb_row][et_pb_row background_position_1=&#8221;top_left&#8221; background_repeat_1=&#8221;no-repeat&#8221; _builder_version=&#8221;3.0.61&#8243;][et_pb_column type=&#8221;4_4&#8243;][et_pb_text admin_label=&#8221;Bloc Title Module MAP XXL&#8221; module_class=&#8221;title-bloc-text&#8221; _builder_version=&#8221;3.19.15&#8243; border_style=&#8221;solid&#8221; saved_tabs=&#8221;all&#8221;]<\/p>\n<p>MAP XXL (2005 &gt; 2008)<\/p>\n<p>[\/et_pb_text][et_pb_image src=&#8221;http:\/\/pepinieres.eu\/wp-content\/uploads\/2019\/03\/PAUL-DUNCOMBE-2014_Bandeau_pepinieres-europeenes-de-creation_Transcultures-Europe-2019.jpg&#8221; _builder_version=&#8221;3.19.15&#8243; border_style=&#8221;solid&#8221; sticky=&#8221;off&#8221; \/][et_pb_text _builder_version=&#8221;3.21&#8243; border_style=&#8221;solid&#8221;]<\/p>\n<p>Following on from map, P\u00e9pini\u00e8res\u2019 historic programme, mapXXL supports and promotes a young generation of artists and professionnals revealed by this first stage, through a new professionalization process extended to all of P\u00e9pini\u00e8res\u2019 European partners.<\/p>\n<p>The artistic mobility anddissemination programme mapXXL was implemented between 2005 and 2008 in 26 countries in Europe and around the world.<\/p>\n<div id=\"ConnectiveDocSignExtentionInstalled\" data-extension-version=\"1.0.4\">\u00a0<\/div>\n<p>[\/et_pb_text][\/et_pb_column][\/et_pb_row][et_pb_row background_position_1=&#8221;top_left&#8221; background_repeat_1=&#8221;no-repeat&#8221; _builder_version=&#8221;3.0.61&#8243;][et_pb_column type=&#8221;4_4&#8243;][et_pb_text admin_label=&#8221;Bloc Title Module In Context &#8221; module_class=&#8221;title-bloc-text&#8221; _builder_version=&#8221;3.19.15&#8243; border_style=&#8221;solid&#8221; saved_tabs=&#8221;all&#8221;]<\/p>\n<p><span class=\"st\">Artists In Context (2001 &gt; 2007)<\/span><\/p>\n<p>[\/et_pb_text][et_pb_image src=&#8221;http:\/\/pepinieres.eu\/wp-content\/uploads\/2019\/02\/alaxandra-filatrau_Artist-in-context_double_Bandeau_Pepinieres-Europennes-de-Creation_Transcultures-Europe.jpg&#8221; _builder_version=&#8221;3.19.15&#8243; border_style=&#8221;solid&#8221; sticky=&#8221;off&#8221;]<\/p>\n<p>&nbsp;<\/p>\n<p>[\/et_pb_image][et_pb_text _builder_version=&#8221;3.21&#8243; border_style=&#8221;solid&#8221;]<\/p>\n<p><strong><span class=\"tlid-translation translation\" lang=\"en\"><span class=\"\" title=\"\">Artists against exclusion<\/span><\/span><\/strong><\/p>\n<p>P\u00e9pini\u00e8res europ\u00e9ennes pour jeunes artistes designed the Artists in Context \u2013 Artistes contre l\u2019exclusion programme to foster a young generation of artists who invent new forms of expression by reinventing the role of the artist through his relation to the Other.<\/p>\n<p>From 2001 to 2007, this programme, implemented in the framework of the European voluntary service, enabled about 40 young designers to build an artistic project related to an underprivileged social and human context.<\/p>\n<p>Far from the usual places of contemporary creation, these artists take possession of unexpected locations to meet new audiences, at the heart of their living context: hospitals, prisons, underprivileged suburbs, isolated countryside or urban areas\u2026<\/p>\n<p>\u00a0<\/p>\n<div id=\"ConnectiveDocSignExtentionInstalled\" data-extension-version=\"1.0.4\">\u00a0<\/div>\n<p>[\/et_pb_text][\/et_pb_column][\/et_pb_row][\/et_pb_section]<\/p>\n","protected":false},"excerpt":{"rendered":"<p>La Fabrique des P\u00e9pini\u00e8res (2014 &gt; 2017) &nbsp; Between 2014 and 2017 Pe\u0301pinie\u0300res were awarded the label \u201cFabrique de la culture\u201d (Culture factory) from the regional council of I\u0302le-de- France in the framework of a renewable three-year subsidy.Established in La Maison de l\u2019Arbre, in Montreuil, Seine- Saint-Denis, Pe\u0301pinie\u0300res develop creation, production and dissemination programmes dedicated [&hellip;]<\/p>\n","protected":false},"author":1,"featured_media":467,"parent":0,"menu_order":0,"comment_status":"closed","ping_status":"closed","template":"","meta":{"_et_pb_use_builder":"on","_et_pb_old_content":"<div id=\"ConnectiveDocSignExtentionInstalled\" data-extension-version=\"1.0.4\">\u00a0<\/div>","_et_gb_content_width":"","footnotes":""},"class_list":["post-14197","page","type-page","status-publish","has-post-thumbnail","hentry"],"_links":{"self":[{"href":"http:\/\/pepinieres.eu\/en\/wp-json\/wp\/v2\/pages\/14197","targetHints":{"allow":["GET"]}}],"collection":[{"href":"http:\/\/pepinieres.eu\/en\/wp-json\/wp\/v2\/pages"}],"about":[{"href":"http:\/\/pepinieres.eu\/en\/wp-json\/wp\/v2\/types\/page"}],"author":[{"embeddable":true,"href":"http:\/\/pepinieres.eu\/en\/wp-json\/wp\/v2\/users\/1"}],"replies":[{"embeddable":true,"href":"http:\/\/pepinieres.eu\/en\/wp-json\/wp\/v2\/comments?post=14197"}],"version-history":[{"count":3,"href":"http:\/\/pepinieres.eu\/en\/wp-json\/wp\/v2\/pages\/14197\/revisions"}],"predecessor-version":[{"id":14208,"href":"http:\/\/pepinieres.eu\/en\/wp-json\/wp\/v2\/pages\/14197\/revisions\/14208"}],"wp:featuredmedia":[{"embeddable":true,"href":"http:\/\/pepinieres.eu\/en\/wp-json\/wp\/v2\/media\/467"}],"wp:attachment":[{"href":"http:\/\/pepinieres.eu\/en\/wp-json\/wp\/v2\/media?parent=14197"}],"curies":[{"name":"wp","href":"https:\/\/api.w.org\/{rel}","templated":true}]}}