{"id":14120,"date":"2019-03-15T15:43:27","date_gmt":"2019-03-15T14:43:27","guid":{"rendered":"http:\/\/pepinieres.eu\/actions\/"},"modified":"2019-03-16T17:48:00","modified_gmt":"2019-03-16T16:48:00","slug":"actions","status":"publish","type":"page","link":"http:\/\/pepinieres.eu\/en\/actions\/","title":{"rendered":"Actions of P\u00e9pini\u00e8res Europ\u00e9ennes de Cr\u00e9ation"},"content":{"rendered":"<p>[et_pb_section fb_built=&#8221;1&#8243; _builder_version=&#8221;3.0.61&#8243;][et_pb_row background_position_1=&#8221;top_left&#8221; background_repeat_1=&#8221;no-repeat&#8221; _builder_version=&#8221;3.0.61&#8243;][et_pb_column type=&#8221;4_4&#8243; _builder_version=&#8221;3.0.47&#8243;][et_pb_post_title meta=&#8221;off&#8221; _builder_version=&#8221;3.19.15&#8243;][\/et_pb_post_title][et_pb_text module_class=&#8221;li-par&#8221; _builder_version=&#8221;3.19.15&#8243;]<\/p>\n<p>The Pepinieres of Creation work in the short, medium and long term to :<\/p>\n<p><strong>Main actions<\/strong><\/p>\n<ul>\n<li>Develop its <strong>information network<\/strong> for artists and cultural structures in Europe and internationally;<\/li>\n<li>Coordinate a creation <strong>residency program<\/strong> (for one or more artists \/ designers \/ technicians \/ cultural professions, variable duration depending on the needs of the project) \u00e0 la carte, favoring residents with complementary skills between France, European countries and a network of international partners;<\/li>\n<li>Propose a <strong>program of workshops<\/strong> focused on new interdisciplinary practices, digital and sound arts that can lead to exhibitions or other public presentations;<\/li>\n<\/ul>\n<p><strong>Secondary actions<\/strong><\/p>\n<ul>\n<li>Set up a transcultural pilot exchange\/creation program -especially within the <strong>Francophonie-network<\/strong> around the notion of new hybrid artistic writings, highlighting both singularities and linguistic and cultural intersections;<\/li>\n<li>Set up a transversal program to <strong>support creation<\/strong> through exchanges around digital cultures by integrating the creation \/ applied research dimension (in connection with human and social sciences researchers as well as engineers, computer scientists, biologists &#8230;, laboratories, universities, etc.);<\/li>\n<li>Propose adapted residential programs that value the <strong>wealth of heritage sites<\/strong> and question the tangible and intangible heritage through creative, innovative, intermediary and specific site projects.<\/li>\n<li>Propose at several festivals in France and internationally, <strong>adapted dissemination<\/strong> Pepini\u00e8res\u2019 programs highlighting projects and creators supported in the various programs;<\/li>\n<li>Bring together a t<strong>hink-tank of reflection<\/strong> (philosophers, sociologists, economists, art\/historians, anthropologists, urban planners, landscape architects, climatologists &#8230;) and to associate them concretely with creative projects, with their issues and more generally with the development of Pepini\u00e8res.<\/li>\n<\/ul>\n<p>[\/et_pb_text][\/et_pb_column][\/et_pb_row][\/et_pb_section]<\/p>\n","protected":false},"excerpt":{"rendered":"<p>The Pepinieres of Creation work in the short, medium and long term to : Main actions Develop its information network for artists and cultural structures in Europe and internationally; Coordinate a creation residency program (for one or more artists \/ designers \/ technicians \/ cultural professions, variable duration depending on the needs of the project) [&hellip;]<\/p>\n","protected":false},"author":1,"featured_media":14112,"parent":0,"menu_order":0,"comment_status":"closed","ping_status":"closed","template":"","meta":{"_et_pb_use_builder":"on","_et_pb_old_content":"<div id=\"ConnectiveDocSignExtentionInstalled\" data-extension-version=\"1.0.4\">\u00a0<\/div>","_et_gb_content_width":"","footnotes":""},"class_list":["post-14120","page","type-page","status-publish","has-post-thumbnail","hentry"],"_links":{"self":[{"href":"http:\/\/pepinieres.eu\/en\/wp-json\/wp\/v2\/pages\/14120","targetHints":{"allow":["GET"]}}],"collection":[{"href":"http:\/\/pepinieres.eu\/en\/wp-json\/wp\/v2\/pages"}],"about":[{"href":"http:\/\/pepinieres.eu\/en\/wp-json\/wp\/v2\/types\/page"}],"author":[{"embeddable":true,"href":"http:\/\/pepinieres.eu\/en\/wp-json\/wp\/v2\/users\/1"}],"replies":[{"embeddable":true,"href":"http:\/\/pepinieres.eu\/en\/wp-json\/wp\/v2\/comments?post=14120"}],"version-history":[{"count":3,"href":"http:\/\/pepinieres.eu\/en\/wp-json\/wp\/v2\/pages\/14120\/revisions"}],"predecessor-version":[{"id":14222,"href":"http:\/\/pepinieres.eu\/en\/wp-json\/wp\/v2\/pages\/14120\/revisions\/14222"}],"wp:featuredmedia":[{"embeddable":true,"href":"http:\/\/pepinieres.eu\/en\/wp-json\/wp\/v2\/media\/14112"}],"wp:attachment":[{"href":"http:\/\/pepinieres.eu\/en\/wp-json\/wp\/v2\/media?parent=14120"}],"curies":[{"name":"wp","href":"https:\/\/api.w.org\/{rel}","templated":true}]}}